{"id":26955,"date":"2024-11-22T13:05:28","date_gmt":"2024-11-22T13:05:28","guid":{"rendered":"https:\/\/taxi-rentaboat.eu\/taxirentaboat\/?page_id=26955"},"modified":"2024-11-22T15:39:23","modified_gmt":"2024-11-22T15:39:23","slug":"naslovna","status":"publish","type":"page","link":"https:\/\/taxi-rentaboat.eu\/taxirentaboat\/","title":{"rendered":"Naslovna"},"content":{"rendered":"<p>[et_pb_section fb_built=&#8221;1&#8243; _builder_version=&#8221;4.27.3&#8243; _module_preset=&#8221;default&#8221; use_background_color_gradient=&#8221;on&#8221; background_color_gradient_stops=&#8221;rgba(0,0,0,0.2) 0%|rgba(0,0,0,0.2) 100%&#8221; background_color_gradient_overlays_image=&#8221;on&#8221; background_image=&#8221;https:\/\/taxi-rentaboat.eu\/taxirentaboat\/wp-content\/uploads\/2024\/11\/eurosan_1920x1920.webp&#8221; min_height=&#8221;1280px&#8221; global_colors_info=&#8221;{}&#8221;][et_pb_row _builder_version=&#8221;4.27.3&#8243; _module_preset=&#8221;default&#8221; background_color=&#8221;rgba(255,255,255,0.95)&#8221; width=&#8221;85%&#8221; max_width=&#8221;1280px&#8221; custom_margin=&#8221;150px||||false|false&#8221; custom_padding=&#8221;100px|100px|100px|100px|true|true&#8221; hover_enabled=&#8221;0&#8243; global_colors_info=&#8221;{}&#8221; custom_padding_last_edited=&#8221;on|tablet&#8221; sticky_enabled=&#8221;0&#8243; custom_padding_phone=&#8221;50px|30px|50px|30px|true|true&#8221; custom_padding_tablet=&#8221;50px|50px|50px|50px|true|true&#8221;][et_pb_column type=&#8221;4_4&#8243; _builder_version=&#8221;4.27.3&#8243; _module_preset=&#8221;default&#8221; global_colors_info=&#8221;{}&#8221;][et_pb_text _builder_version=&#8221;4.27.3&#8243; _module_preset=&#8221;default&#8221; text_font=&#8221;Albert Sans||||||||&#8221; text_text_color=&#8221;#2d2d2d&#8221; text_font_size=&#8221;18px&#8221; header_font=&#8221;Acme||||||||&#8221; header_text_color=&#8221;#02067a&#8221; header_font_size=&#8221;70px&#8221; header_2_font=&#8221;Albert Sans|700|||||||&#8221; header_2_text_color=&#8221;#02067a&#8221; hover_enabled=&#8221;0&#8243; global_colors_info=&#8221;{}&#8221; header_font_size_last_edited=&#8221;on|phone&#8221; sticky_enabled=&#8221;0&#8243; header_font_size_tablet=&#8221;60px&#8221; header_font_size_phone=&#8221;35px&#8221;]<\/p>\n<h1>Web stranica i domena na prodaju<\/h1>\n<p>&nbsp;<\/p>\n<p>Pobolj\u0161ajte poslovanje kupnjom web stranice Taxi Rent A Boat. Savr\u0161ena je za poslovanje u turisti\u010dkom i nauti\u010dkom sektoru.<\/p>\n<p>Prednosti platforme:<\/p>\n<ul>\n<li style=\"list-style-type: none;\">\n<ul>\n<li>Velika koli\u010dina kvalitetnog i SEO optimiziranog sadr\u017eaja, osigurava visoku vidljivost na pretra\u017eiva\u010dima<\/li>\n<li>Spremna za daljnji razvoj i pro\u0161irenje poslovanja<\/li>\n<li>Jednostavna za upravljanje i odr\u017eavanje<\/li>\n<\/ul>\n<\/li>\n<\/ul>\n<p>Uklju\u010deno u prodaju:<\/p>\n<ul>\n<li style=\"list-style-type: none;\">\n<ul>\n<li>Domena<\/li>\n<li>Sav postoje\u0107i sadr\u017eaj<\/li>\n<li>Tehni\u010dka podr\u0161ka tijekom prijelaznog razdoblja<\/li>\n<\/ul>\n<\/li>\n<\/ul>\n<p>Za vi\u0161e informacija, slobodno nas kontaktirajte.<\/p>\n<p>&nbsp;<\/p>\n<h2>+385 91 783 6505<\/h2>\n<p>[\/et_pb_text][\/et_pb_column][\/et_pb_row][\/et_pb_section]<\/p>\n","protected":false},"excerpt":{"rendered":"<p>Web stranica i domena na prodaju &nbsp; Pobolj\u0161ajte poslovanje kupnjom web stranice Taxi Rent A Boat. Savr\u0161ena je za poslovanje u turisti\u010dkom i nauti\u010dkom sektoru. Prednosti platforme: Velika koli\u010dina kvalitetnog i SEO optimiziranog sadr\u017eaja, osigurava visoku vidljivost na pretra\u017eiva\u010dima Spremna za daljnji razvoj i pro\u0161irenje poslovanja Jednostavna za upravljanje i odr\u017eavanje Uklju\u010deno u prodaju: Domena [&hellip;]<\/p>\n","protected":false},"author":5,"featured_media":0,"parent":0,"menu_order":0,"comment_status":"closed","ping_status":"closed","template":"page-template-blank.php","meta":{"_et_pb_use_builder":"on","_et_pb_old_content":"","_et_gb_content_width":"","footnotes":""},"class_list":["post-26955","page","type-page","status-publish","hentry"],"_links":{"self":[{"href":"https:\/\/taxi-rentaboat.eu\/taxirentaboat\/wp-json\/wp\/v2\/pages\/26955","targetHints":{"allow":["GET"]}}],"collection":[{"href":"https:\/\/taxi-rentaboat.eu\/taxirentaboat\/wp-json\/wp\/v2\/pages"}],"about":[{"href":"https:\/\/taxi-rentaboat.eu\/taxirentaboat\/wp-json\/wp\/v2\/types\/page"}],"author":[{"embeddable":true,"href":"https:\/\/taxi-rentaboat.eu\/taxirentaboat\/wp-json\/wp\/v2\/users\/5"}],"replies":[{"embeddable":true,"href":"https:\/\/taxi-rentaboat.eu\/taxirentaboat\/wp-json\/wp\/v2\/comments?post=26955"}],"version-history":[{"count":16,"href":"https:\/\/taxi-rentaboat.eu\/taxirentaboat\/wp-json\/wp\/v2\/pages\/26955\/revisions"}],"predecessor-version":[{"id":26984,"href":"https:\/\/taxi-rentaboat.eu\/taxirentaboat\/wp-json\/wp\/v2\/pages\/26955\/revisions\/26984"}],"wp:attachment":[{"href":"https:\/\/taxi-rentaboat.eu\/taxirentaboat\/wp-json\/wp\/v2\/media?parent=26955"}],"curies":[{"name":"wp","href":"https:\/\/api.w.org\/{rel}","templated":true}]}}